{"id":97,"date":"2025-08-02T11:07:11","date_gmt":"2025-08-02T11:07:11","guid":{"rendered":"https:\/\/onlinewette24.de\/ev\/"},"modified":"2025-08-02T11:07:11","modified_gmt":"2025-08-02T11:07:11","slug":"ev","status":"publish","type":"page","link":"https:\/\/onlinewette24.de\/tr\/","title":{"rendered":"Ev"},"content":{"rendered":"<h2>\u00c7evrimi\u00e7i bahisleriniz i\u00e7in en iyi web siteleri<\/h2>\n<p><img loading=\"lazy\" decoding=\"async\" src=\"images\/stories\/asoccermoney.jpg\" alt=\"\u00e7evrimi\u00e7i bahis\" width=\"180\" height=\"120\" style=\"margin: 10px; float: right;\" \/>G\u00fcn\u00fcm\u00fczde bahis oynamak isteyen herkes bunu rahatl\u0131kla \u00e7evrimi\u00e7i yapabilir. Bir piyango kioskuna veya bahis d\u00fckkan\u0131na gitmenize gerek yok. \u00c7evrimi\u00e7i bahisleriniz i\u00e7in en iyi web siteleri hakk\u0131nda bilgi veriyor ve farkl\u0131 sa\u011flay\u0131c\u0131lar\u0131 kar\u015f\u0131la\u015ft\u0131r\u0131yoruz.<\/p>\n<h2>\u00c7evrimi\u00e7i Bahislerin Avantajlar\u0131<\/h2>\n<p>\u00c7evrimi\u00e7i bahis, bir bahis\u00e7inin ma\u011fazas\u0131nda bahis oynamaya g\u00f6re \u00f6nemli avantajlara sahiptir, bunlar aras\u0131nda \u015funlar yer al\u0131r:<\/p>\n<ul>\n<li>Daha d\u00fc\u015f\u00fck idari maliyetler sayesinde di\u011fer sa\u011flay\u0131c\u0131lara g\u00f6re \u00f6nemli \u00f6l\u00e7\u00fcde daha iyi oranlar<\/li>\n<li>Bahis yap\u0131labilecek \u00e7ok daha geni\u015f etkinlik ve spor yelpazesi<\/li>\n<li>\u0130lgili bahisler hakk\u0131nda \u00f6nemli \u00f6l\u00e7\u00fcde daha iyi bilgilere bilgisayardan ula\u015f\u0131labilir, bu da kazanma \u015fans\u0131n\u0131z\u0131 art\u0131r\u0131r<\/li>\n<li>Canl\u0131 bahis &#8211; devam eden bir etkinlik s\u0131ras\u0131nda bahis oynama, \u00f6rne\u011fin bir sonraki gol\u00fc kimin ataca\u011f\u0131na dair<\/li>\n<li>Geni\u015f bir yelpazede g\u00fcvenli y\u00f6ntemler sayesinde kolay \u00e7evrimi\u00e7i bahis ve \u00f6deme<\/li>\n<li>\u0130nternet ba\u011flant\u0131l\u0131 bir mobil cihaz kullanarak istedi\u011finiz zaman, hatta hareket halindeyken bile bahis oynayabilirsiniz<\/li>\n<\/ul>\n<h2>Hangi bahis t\u00fcrleri yap\u0131labilir? \u00c7evrimi\u00e7i bahis mi yap\u0131yorsunuz? \u00c7evrimi\u00e7i bahis mi yap\u0131yorsunuz?<\/h2>\n<p>Bu konuda neredeyse hi\u00e7bir s\u0131n\u0131rlama yok. \u0130ster Alman Bundesliga, ister Almanya&#8217;daki di\u011fer sporlar, uluslararas\u0131 tenis turnuvalar\u0131, yurti\u00e7i ve yurtd\u0131\u015f\u0131ndaki at yar\u0131\u015flar\u0131 veya ABD sporlar\u0131n\u0131n &#8220;\u00dc\u00e7 B\u00fcy\u00fckleri&#8221; (Amerikan futbolu, NBA basketbolu, beyzbol) olsun, <strong>\u00e7ok \u00e7e\u015fitli etkinliklere \u00e7evrimi\u00e7i bahis oynayabilirsiniz<\/strong>. Ayr\u0131ca, TV yetenek yar\u0131\u015fmalar\u0131n\u0131n sonu\u00e7lar\u0131 gibi spor d\u0131\u015f\u0131 etkinliklere de bahis oynamak m\u00fcmk\u00fcnd\u00fcr. \u00c7evrimi\u00e7i bahis siteleri, \u0130ngiltere&#8217;nin bir sonraki kral\u0131n\u0131n kim olaca\u011f\u0131 gibi en s\u0131ra d\u0131\u015f\u0131 bahisleri sunar.<\/p>\n<h2>En \u0130yi \u00c7evrimi\u00e7i Bahis Sa\u011flay\u0131c\u0131lar\u0131<\/h2>\n<p>En iyi \u00e7evrimi\u00e7i bahis sitesini se\u00e7erken, oranlar, h\u0131zl\u0131 ve kolay para yat\u0131rma ve \u00e7ekme se\u00e7enekleri, ilk para yat\u0131rma bonusu, yat\u0131r\u0131lan fonlar\u0131n g\u00fcvenli\u011fi ve elbette bahis se\u00e7eneklerinin \u00e7e\u015fitlili\u011fi gibi \u00e7e\u015fitli fakt\u00f6rler \u00f6nemlidir.<\/p>\n<p>Yaln\u0131zca g\u00fcvenlik nedeniyle bile, b\u00fcy\u00fck \u00e7evrimi\u00e7i bahis sa\u011flay\u0131c\u0131lar\u0131ndan birini se\u00e7meniz tavsiye edilir. Tavsiye etti\u011fimiz her web sitesinin kendine g\u00f6re avantajlar\u0131 vard\u0131r, ancak g\u00fcvenlik a\u00e7\u0131s\u0131ndan hepsi %100 tavsiye edilir.<\/p>\n<p>Web sitemizdeki \u00e7e\u015fitli bahis sa\u011flay\u0131c\u0131lar\u0131n\u0131n yorumlar\u0131n\u0131 okuyun ve size en uygun olan\u0131 se\u00e7in.<\/p>\n<h2>\u00c7evrimi\u00e7i Bahis \u0130pu\u00e7lar\u0131<\/h2>\n<p>Web sitemizde d\u00fczenli olarak \u00f6nemli spor etkinliklerine \u00e7evrimi\u00e7i bahis yapma ipu\u00e7lar\u0131 sunuyoruz. Ayr\u0131ca bahis stratejileri, avantajl\u0131 oranlar\u0131 nas\u0131l belirleyece\u011finiz ve birden fazla bahsi ak\u0131ll\u0131ca birle\u015ftirerek kazanma \u015fans\u0131n\u0131z\u0131 nas\u0131l optimize edece\u011finiz hakk\u0131nda da bilgi edineceksiniz.<br \/>Ayr\u0131ca canl\u0131 bahislerde ba\u015far\u0131ya ula\u015fmak i\u00e7in \u00e7e\u015fitli spor dallar\u0131nda nelere dikkat etmeniz gerekti\u011fine dair ipu\u00e7lar\u0131 da yay\u0131nlayaca\u011f\u0131z.<\/p>\n<\/p>\n<div id=\"promo\"><\/div>\n","protected":false},"excerpt":{"rendered":"<p>\u00c7evrimi\u00e7i bahisleriniz i\u00e7in en iyi web siteleri G\u00fcn\u00fcm\u00fczde bahis oynamak isteyen herkes bunu rahatl\u0131kla \u00e7evrimi\u00e7i yapabilir. Bir piyango kioskuna veya bahis d\u00fckkan\u0131na gitmenize gerek yok. \u00c7evrimi\u00e7i bahisleriniz i\u00e7in en iyi web siteleri hakk\u0131nda bilgi veriyor ve farkl\u0131 sa\u011flay\u0131c\u0131lar\u0131 kar\u015f\u0131la\u015ft\u0131r\u0131yoruz. \u00c7evrimi\u00e7i Bahislerin Avantajlar\u0131 \u00c7evrimi\u00e7i bahis, bir bahis\u00e7inin ma\u011fazas\u0131nda bahis oynamaya g\u00f6re \u00f6nemli avantajlara sahiptir, bunlar aras\u0131nda&#8230;<\/p>\n","protected":false},"author":1,"featured_media":0,"parent":0,"menu_order":0,"comment_status":"closed","ping_status":"closed","template":"","meta":{"_kad_post_transparent":"","_kad_post_title":"","_kad_post_layout":"","_kad_post_sidebar_id":"","_kad_post_content_style":"","_kad_post_vertical_padding":"","_kad_post_feature":"","_kad_post_feature_position":"","_kad_post_header":false,"_kad_post_footer":false,"footnotes":""},"class_list":["post-97","page","type-page","status-publish","hentry"],"yoast_head":"<!-- This site is optimized with the Yoast SEO plugin v27.5 - https:\/\/yoast.com\/product\/yoast-seo-wordpress\/ -->\n<title>\u00c7evrimi\u00e7i bahis - \u00c7evrimi\u00e7i bahisleriniz i\u00e7in en iyi web siteleri<\/title>\n<meta name=\"robots\" content=\"index, follow, max-snippet:-1, max-image-preview:large, max-video-preview:-1\" \/>\n<link rel=\"canonical\" href=\"https:\/\/onlinewette24.de\/tr\/\" \/>\n<meta property=\"og:locale\" content=\"tr_TR\" \/>\n<meta property=\"og:type\" content=\"article\" \/>\n<meta property=\"og:title\" content=\"\u00c7evrimi\u00e7i bahis - \u00c7evrimi\u00e7i bahisleriniz i\u00e7in en iyi web siteleri\" \/>\n<meta property=\"og:description\" content=\"\u00c7evrimi\u00e7i bahisleriniz i\u00e7in en iyi web siteleri G\u00fcn\u00fcm\u00fczde bahis oynamak isteyen herkes bunu rahatl\u0131kla \u00e7evrimi\u00e7i yapabilir. Bir piyango kioskuna veya bahis d\u00fckkan\u0131na gitmenize gerek yok. \u00c7evrimi\u00e7i bahisleriniz i\u00e7in en iyi web siteleri hakk\u0131nda bilgi veriyor ve farkl\u0131 sa\u011flay\u0131c\u0131lar\u0131 kar\u015f\u0131la\u015ft\u0131r\u0131yoruz. \u00c7evrimi\u00e7i Bahislerin Avantajlar\u0131 \u00c7evrimi\u00e7i bahis, bir bahis\u00e7inin ma\u011fazas\u0131nda bahis oynamaya g\u00f6re \u00f6nemli avantajlara sahiptir, bunlar aras\u0131nda...\" \/>\n<meta property=\"og:url\" content=\"https:\/\/onlinewette24.de\/tr\/\" \/>\n<meta name=\"twitter:card\" content=\"summary_large_image\" \/>\n<meta name=\"twitter:label1\" content=\"Tahmini okuma s\u00fcresi\" \/>\n\t<meta name=\"twitter:data1\" content=\"2 dakika\" \/>\n<script type=\"application\/ld+json\" class=\"yoast-schema-graph\">{\"@context\":\"https:\\\/\\\/schema.org\",\"@graph\":[{\"@type\":\"WebPage\",\"@id\":\"https:\\\/\\\/onlinewette24.de\\\/tr\\\/\",\"url\":\"https:\\\/\\\/onlinewette24.de\\\/tr\\\/\",\"name\":\"\u00c7evrimi\u00e7i bahis - \u00c7evrimi\u00e7i bahisleriniz i\u00e7in en iyi web siteleri\",\"isPartOf\":{\"@id\":\"https:\\\/\\\/onlinewette24.de\\\/tr\\\/#website\"},\"datePublished\":\"2025-08-02T11:07:11+00:00\",\"breadcrumb\":{\"@id\":\"https:\\\/\\\/onlinewette24.de\\\/tr\\\/#breadcrumb\"},\"inLanguage\":\"tr\",\"potentialAction\":[{\"@type\":\"ReadAction\",\"target\":[\"https:\\\/\\\/onlinewette24.de\\\/tr\\\/\"]}]},{\"@type\":\"BreadcrumbList\",\"@id\":\"https:\\\/\\\/onlinewette24.de\\\/tr\\\/#breadcrumb\",\"itemListElement\":[{\"@type\":\"ListItem\",\"position\":1,\"name\":\"Home\",\"item\":\"https:\\\/\\\/onlinewette24.de\\\/tr\\\/\"},{\"@type\":\"ListItem\",\"position\":2,\"name\":\"Ev\"}]},{\"@type\":\"WebSite\",\"@id\":\"https:\\\/\\\/onlinewette24.de\\\/tr\\\/#website\",\"url\":\"https:\\\/\\\/onlinewette24.de\\\/tr\\\/\",\"name\":\"\",\"description\":\"\",\"potentialAction\":[{\"@type\":\"SearchAction\",\"target\":{\"@type\":\"EntryPoint\",\"urlTemplate\":\"https:\\\/\\\/onlinewette24.de\\\/tr\\\/?s={search_term_string}\"},\"query-input\":{\"@type\":\"PropertyValueSpecification\",\"valueRequired\":true,\"valueName\":\"search_term_string\"}}],\"inLanguage\":\"tr\"}]}<\/script>\n<!-- \/ Yoast SEO plugin. -->","yoast_head_json":{"title":"\u00c7evrimi\u00e7i bahis - \u00c7evrimi\u00e7i bahisleriniz i\u00e7in en iyi web siteleri","robots":{"index":"index","follow":"follow","max-snippet":"max-snippet:-1","max-image-preview":"max-image-preview:large","max-video-preview":"max-video-preview:-1"},"canonical":"https:\/\/onlinewette24.de\/tr\/","og_locale":"tr_TR","og_type":"article","og_title":"\u00c7evrimi\u00e7i bahis - \u00c7evrimi\u00e7i bahisleriniz i\u00e7in en iyi web siteleri","og_description":"\u00c7evrimi\u00e7i bahisleriniz i\u00e7in en iyi web siteleri G\u00fcn\u00fcm\u00fczde bahis oynamak isteyen herkes bunu rahatl\u0131kla \u00e7evrimi\u00e7i yapabilir. Bir piyango kioskuna veya bahis d\u00fckkan\u0131na gitmenize gerek yok. \u00c7evrimi\u00e7i bahisleriniz i\u00e7in en iyi web siteleri hakk\u0131nda bilgi veriyor ve farkl\u0131 sa\u011flay\u0131c\u0131lar\u0131 kar\u015f\u0131la\u015ft\u0131r\u0131yoruz. \u00c7evrimi\u00e7i Bahislerin Avantajlar\u0131 \u00c7evrimi\u00e7i bahis, bir bahis\u00e7inin ma\u011fazas\u0131nda bahis oynamaya g\u00f6re \u00f6nemli avantajlara sahiptir, bunlar aras\u0131nda...","og_url":"https:\/\/onlinewette24.de\/tr\/","twitter_card":"summary_large_image","twitter_misc":{"Tahmini okuma s\u00fcresi":"2 dakika"},"schema":{"@context":"https:\/\/schema.org","@graph":[{"@type":"WebPage","@id":"https:\/\/onlinewette24.de\/tr\/","url":"https:\/\/onlinewette24.de\/tr\/","name":"\u00c7evrimi\u00e7i bahis - \u00c7evrimi\u00e7i bahisleriniz i\u00e7in en iyi web siteleri","isPartOf":{"@id":"https:\/\/onlinewette24.de\/tr\/#website"},"datePublished":"2025-08-02T11:07:11+00:00","breadcrumb":{"@id":"https:\/\/onlinewette24.de\/tr\/#breadcrumb"},"inLanguage":"tr","potentialAction":[{"@type":"ReadAction","target":["https:\/\/onlinewette24.de\/tr\/"]}]},{"@type":"BreadcrumbList","@id":"https:\/\/onlinewette24.de\/tr\/#breadcrumb","itemListElement":[{"@type":"ListItem","position":1,"name":"Home","item":"https:\/\/onlinewette24.de\/tr\/"},{"@type":"ListItem","position":2,"name":"Ev"}]},{"@type":"WebSite","@id":"https:\/\/onlinewette24.de\/tr\/#website","url":"https:\/\/onlinewette24.de\/tr\/","name":"","description":"","potentialAction":[{"@type":"SearchAction","target":{"@type":"EntryPoint","urlTemplate":"https:\/\/onlinewette24.de\/tr\/?s={search_term_string}"},"query-input":{"@type":"PropertyValueSpecification","valueRequired":true,"valueName":"search_term_string"}}],"inLanguage":"tr"}]}},"_links":{"self":[{"href":"https:\/\/onlinewette24.de\/tr\/wp-json\/wp\/v2\/pages\/97","targetHints":{"allow":["GET"]}}],"collection":[{"href":"https:\/\/onlinewette24.de\/tr\/wp-json\/wp\/v2\/pages"}],"about":[{"href":"https:\/\/onlinewette24.de\/tr\/wp-json\/wp\/v2\/types\/page"}],"author":[{"embeddable":true,"href":"https:\/\/onlinewette24.de\/tr\/wp-json\/wp\/v2\/users\/1"}],"replies":[{"embeddable":true,"href":"https:\/\/onlinewette24.de\/tr\/wp-json\/wp\/v2\/comments?post=97"}],"version-history":[{"count":0,"href":"https:\/\/onlinewette24.de\/tr\/wp-json\/wp\/v2\/pages\/97\/revisions"}],"wp:attachment":[{"href":"https:\/\/onlinewette24.de\/tr\/wp-json\/wp\/v2\/media?parent=97"}],"curies":[{"name":"wp","href":"https:\/\/api.w.org\/{rel}","templated":true}]}}