{"id":109,"date":"2025-08-02T11:07:11","date_gmt":"2025-08-02T11:07:11","guid":{"rendered":"https:\/\/onlinewette24.de\/home\/"},"modified":"2025-08-02T11:07:11","modified_gmt":"2025-08-02T11:07:11","slug":"home","status":"publish","type":"page","link":"https:\/\/onlinewette24.de\/sk\/","title":{"rendered":"Home"},"content":{"rendered":"<h2>Najlep\u0161ie webov\u00e9 str\u00e1nky pre va\u0161e online st\u00e1vkovanie<\/h2>\n<p><img loading=\"lazy\" decoding=\"async\" src=\"images\/stories\/asoccermoney.jpg\" alt=\"online bet\" width=\"180\" height=\"120\" style=\"margin: 10px; float: right;\" \/>Ka\u017ed\u00fd, kto si chce v dne\u0161nej dobe stavi\u0165, to m\u00f4\u017ee urobi\u0165 pohodlne online. Nie je potrebn\u00e9 chodi\u0165 do lot\u00e9riov\u00e9ho st\u00e1nku alebo st\u00e1vkovej kancel\u00e1rie. Poskytujeme v\u00e1m inform\u00e1cie o najlep\u0161\u00edch webov\u00fdch str\u00e1nkach pre va\u0161e online st\u00e1vkovanie a porovn\u00e1vame r\u00f4znych poskytovate\u013eov.<\/p>\n<h2>V\u00fdhody online st\u00e1vkovania<\/h2>\n<p>Online st\u00e1vkovanie m\u00e1 oproti st\u00e1vkovaniu v st\u00e1vkov\u00fdch kancel\u00e1ri\u00e1ch v\u00fdznamn\u00e9 v\u00fdhody, vr\u00e1tane:<\/p>\n<ul>\n<li>V\u00fdrazne lep\u0161ie kurzy ako u in\u00fdch poskytovate\u013eov v\u010faka ni\u017e\u0161\u00edm administrat\u00edvnym n\u00e1kladom<\/li>\n<li>Ove\u013ea \u0161ir\u0161\u00ed v\u00fdber udalost\u00ed a \u0161portov, na ktor\u00e9 sa d\u00e1 stavi\u0165<\/li>\n<li>V\u00fdrazne lep\u0161ie inform\u00e1cie o pr\u00edslu\u0161n\u00fdch st\u00e1vkach je mo\u017en\u00e9 z\u00edska\u0165 na po\u010d\u00edta\u010di, \u010do zvy\u0161uje va\u0161e \u0161ance na v\u00fdhru<\/li>\n<li>St\u00e1vkovanie na\u017eivo &#8211; st\u00e1vkovanie po\u010das prebiehaj\u00facej udalosti, napr. na to, kto strel\u00ed \u010fal\u0161\u00ed g\u00f3l<\/li>\n<li>Pohodln\u00e9 online st\u00e1vkovanie a platba v\u010faka \u0161irokej \u0161k\u00e1le bezpe\u010dn\u00fdch met\u00f3d<\/li>\n<li>St\u00e1vkova\u0165 m\u00f4\u017eete kedyko\u013evek, aj na cest\u00e1ch, pomocou mobiln\u00e9ho zariadenia s pripojen\u00edm na internet<\/li>\n<\/ul>\n<h2>Ak\u00e9 typy st\u00e1vok m\u00f4\u017eete uzatv\u00e1ra\u0165 online? Stavi\u0165 online?<\/h2>\n<p>V tomto smere neexistuj\u00fa prakticky \u017eiadne obmedzenia. \u010ci u\u017e ide o nemeck\u00fa Bundesligu, in\u00e9 \u0161porty v Nemecku, medzin\u00e1rodn\u00e9 tenisov\u00e9 turnaje, dostihy doma aj v zahrani\u010d\u00ed alebo \u201eve\u013ek\u00fa trojku\u201c americk\u00fdch \u0161portov (americk\u00fd futbal, basketbal NBA, baseball) \u2013 <strong>online st\u00e1vkova\u0165 m\u00f4\u017eete na \u0161irok\u00fa \u0161k\u00e1lu udalost\u00ed<\/strong>. Je tie\u017e mo\u017en\u00e9 stavi\u0165 na ne\u0161portov\u00e9 udalosti, ako napr\u00edklad v\u00fdsledky telev\u00edznych talentov\u00fdch \u0161ou. Online st\u00e1vkov\u00e9 str\u00e1nky pon\u00fakaj\u00fa tie najbizarnej\u0161ie st\u00e1vky, napr\u00edklad kto bude \u010fal\u0161\u00edm anglick\u00fdm kr\u00e1\u013eom at\u010f.<\/p>\n<h2>Najlep\u0161\u00ed poskytovatelia online st\u00e1vok<\/h2>\n<p>Pri v\u00fdbere najlep\u0161ej online st\u00e1vkovej str\u00e1nky s\u00fa d\u00f4le\u017eit\u00e9 r\u00f4zne faktory, ako s\u00fa kurzy, r\u00fdchle a pohodln\u00e9 mo\u017enosti vkladu a v\u00fdberu, bonus za prv\u00fd vklad, bezpe\u010dnos\u0165 vlo\u017een\u00fdch prostriedkov a samozrejme rozsah mo\u017enost\u00ed st\u00e1vok.<\/p>\n<p>U\u017e len z bezpe\u010dnostn\u00fdch d\u00f4vodov je vhodn\u00e9 vybra\u0165 si jedn\u00e9ho z hlavn\u00fdch poskytovate\u013eov online st\u00e1vok. Ka\u017ed\u00e1 webov\u00e1 str\u00e1nka, ktor\u00fa odpor\u00fa\u010dame, m\u00e1 svoje v\u00fdhody, ale z h\u013eadiska bezpe\u010dnosti s\u00fa v\u0161etky 100% odpor\u00fa\u010date\u013en\u00e9.<\/p>\n<p>Pre\u010d\u00edtajte si recenzie r\u00f4znych poskytovate\u013eov st\u00e1vkov\u00fdch kancel\u00e1ri\u00ed na na\u0161ej webovej str\u00e1nke a vyberte si t\u00fa, ktor\u00e1 v\u00e1m najviac vyhovuje.<\/p>\n<h2>Tipy na online st\u00e1vkovanie<\/h2>\n<p>Na na\u0161ej webovej str\u00e1nke budeme pravidelne poskytova\u0165 tipy na online st\u00e1vkovanie na hlavn\u00e9 \u0161portov\u00e9 udalosti. N\u00e1jdete tu tie\u017e inform\u00e1cie o strat\u00e9gi\u00e1ch st\u00e1vkovania, o tom, ako identifikova\u0165 priazniv\u00e9 kurzy a ako optimalizova\u0165 svoje \u0161ance na v\u00fdhru \u0161ikovn\u00fdm kombinovan\u00edm viacer\u00fdch st\u00e1vok.<br \/>Tu budeme tie\u017e uverej\u0148ova\u0165 tipy, na \u010do si da\u0165 pozor v r\u00f4znych \u0161portoch, aby ste dosiahli \u00faspech so st\u00e1vkovan\u00edm na\u017eivo.<\/p>\n<\/p>\n<div id=\"promo\"><\/div>\n","protected":false},"excerpt":{"rendered":"<p>Najlep\u0161ie webov\u00e9 str\u00e1nky pre va\u0161e online st\u00e1vkovanie Ka\u017ed\u00fd, kto si chce v dne\u0161nej dobe stavi\u0165, to m\u00f4\u017ee urobi\u0165 pohodlne online. Nie je potrebn\u00e9 chodi\u0165 do lot\u00e9riov\u00e9ho st\u00e1nku alebo st\u00e1vkovej kancel\u00e1rie. Poskytujeme v\u00e1m inform\u00e1cie o najlep\u0161\u00edch webov\u00fdch str\u00e1nkach pre va\u0161e online st\u00e1vkovanie a porovn\u00e1vame r\u00f4znych poskytovate\u013eov. V\u00fdhody online st\u00e1vkovania Online st\u00e1vkovanie m\u00e1 oproti st\u00e1vkovaniu v st\u00e1vkov\u00fdch&#8230;<\/p>\n","protected":false},"author":1,"featured_media":0,"parent":0,"menu_order":0,"comment_status":"closed","ping_status":"closed","template":"","meta":{"_kad_post_transparent":"","_kad_post_title":"","_kad_post_layout":"","_kad_post_sidebar_id":"","_kad_post_content_style":"","_kad_post_vertical_padding":"","_kad_post_feature":"","_kad_post_feature_position":"","_kad_post_header":false,"_kad_post_footer":false,"footnotes":""},"class_list":["post-109","page","type-page","status-publish","hentry"],"yoast_head":"<!-- This site is optimized with the Yoast SEO plugin v27.5 - https:\/\/yoast.com\/product\/yoast-seo-wordpress\/ -->\n<title>Online st\u00e1vkovanie \u2013 najlep\u0161ie webov\u00e9 str\u00e1nky pre va\u0161e online st\u00e1vkovanie<\/title>\n<meta name=\"robots\" content=\"index, follow, max-snippet:-1, max-image-preview:large, max-video-preview:-1\" \/>\n<link rel=\"canonical\" href=\"https:\/\/onlinewette24.de\/sk\/\" \/>\n<meta property=\"og:locale\" content=\"sk_SK\" \/>\n<meta property=\"og:type\" content=\"article\" \/>\n<meta property=\"og:title\" content=\"Online st\u00e1vkovanie \u2013 najlep\u0161ie webov\u00e9 str\u00e1nky pre va\u0161e online st\u00e1vkovanie\" \/>\n<meta property=\"og:description\" content=\"Najlep\u0161ie webov\u00e9 str\u00e1nky pre va\u0161e online st\u00e1vkovanie Ka\u017ed\u00fd, kto si chce v dne\u0161nej dobe stavi\u0165, to m\u00f4\u017ee urobi\u0165 pohodlne online. Nie je potrebn\u00e9 chodi\u0165 do lot\u00e9riov\u00e9ho st\u00e1nku alebo st\u00e1vkovej kancel\u00e1rie. Poskytujeme v\u00e1m inform\u00e1cie o najlep\u0161\u00edch webov\u00fdch str\u00e1nkach pre va\u0161e online st\u00e1vkovanie a porovn\u00e1vame r\u00f4znych poskytovate\u013eov. V\u00fdhody online st\u00e1vkovania Online st\u00e1vkovanie m\u00e1 oproti st\u00e1vkovaniu v st\u00e1vkov\u00fdch...\" \/>\n<meta property=\"og:url\" content=\"https:\/\/onlinewette24.de\/sk\/\" \/>\n<meta name=\"twitter:card\" content=\"summary_large_image\" \/>\n<meta name=\"twitter:label1\" content=\"Predpokladan\u00fd \u010das \u010d\u00edtania\" \/>\n\t<meta name=\"twitter:data1\" content=\"3 min\u00faty\" \/>\n<script type=\"application\/ld+json\" class=\"yoast-schema-graph\">{\"@context\":\"https:\\\/\\\/schema.org\",\"@graph\":[{\"@type\":\"WebPage\",\"@id\":\"https:\\\/\\\/onlinewette24.de\\\/sk\\\/\",\"url\":\"https:\\\/\\\/onlinewette24.de\\\/sk\\\/\",\"name\":\"Online st\u00e1vkovanie \u2013 najlep\u0161ie webov\u00e9 str\u00e1nky pre va\u0161e online st\u00e1vkovanie\",\"isPartOf\":{\"@id\":\"https:\\\/\\\/onlinewette24.de\\\/sk\\\/#website\"},\"datePublished\":\"2025-08-02T11:07:11+00:00\",\"breadcrumb\":{\"@id\":\"https:\\\/\\\/onlinewette24.de\\\/sk\\\/#breadcrumb\"},\"inLanguage\":\"sk-SK\",\"potentialAction\":[{\"@type\":\"ReadAction\",\"target\":[\"https:\\\/\\\/onlinewette24.de\\\/sk\\\/\"]}]},{\"@type\":\"BreadcrumbList\",\"@id\":\"https:\\\/\\\/onlinewette24.de\\\/sk\\\/#breadcrumb\",\"itemListElement\":[{\"@type\":\"ListItem\",\"position\":1,\"name\":\"Home\",\"item\":\"https:\\\/\\\/onlinewette24.de\\\/sk\\\/\"},{\"@type\":\"ListItem\",\"position\":2,\"name\":\"Home\"}]},{\"@type\":\"WebSite\",\"@id\":\"https:\\\/\\\/onlinewette24.de\\\/sk\\\/#website\",\"url\":\"https:\\\/\\\/onlinewette24.de\\\/sk\\\/\",\"name\":\"\",\"description\":\"\",\"potentialAction\":[{\"@type\":\"SearchAction\",\"target\":{\"@type\":\"EntryPoint\",\"urlTemplate\":\"https:\\\/\\\/onlinewette24.de\\\/sk\\\/?s={search_term_string}\"},\"query-input\":{\"@type\":\"PropertyValueSpecification\",\"valueRequired\":true,\"valueName\":\"search_term_string\"}}],\"inLanguage\":\"sk-SK\"}]}<\/script>\n<!-- \/ Yoast SEO plugin. -->","yoast_head_json":{"title":"Online st\u00e1vkovanie \u2013 najlep\u0161ie webov\u00e9 str\u00e1nky pre va\u0161e online st\u00e1vkovanie","robots":{"index":"index","follow":"follow","max-snippet":"max-snippet:-1","max-image-preview":"max-image-preview:large","max-video-preview":"max-video-preview:-1"},"canonical":"https:\/\/onlinewette24.de\/sk\/","og_locale":"sk_SK","og_type":"article","og_title":"Online st\u00e1vkovanie \u2013 najlep\u0161ie webov\u00e9 str\u00e1nky pre va\u0161e online st\u00e1vkovanie","og_description":"Najlep\u0161ie webov\u00e9 str\u00e1nky pre va\u0161e online st\u00e1vkovanie Ka\u017ed\u00fd, kto si chce v dne\u0161nej dobe stavi\u0165, to m\u00f4\u017ee urobi\u0165 pohodlne online. Nie je potrebn\u00e9 chodi\u0165 do lot\u00e9riov\u00e9ho st\u00e1nku alebo st\u00e1vkovej kancel\u00e1rie. Poskytujeme v\u00e1m inform\u00e1cie o najlep\u0161\u00edch webov\u00fdch str\u00e1nkach pre va\u0161e online st\u00e1vkovanie a porovn\u00e1vame r\u00f4znych poskytovate\u013eov. V\u00fdhody online st\u00e1vkovania Online st\u00e1vkovanie m\u00e1 oproti st\u00e1vkovaniu v st\u00e1vkov\u00fdch...","og_url":"https:\/\/onlinewette24.de\/sk\/","twitter_card":"summary_large_image","twitter_misc":{"Predpokladan\u00fd \u010das \u010d\u00edtania":"3 min\u00faty"},"schema":{"@context":"https:\/\/schema.org","@graph":[{"@type":"WebPage","@id":"https:\/\/onlinewette24.de\/sk\/","url":"https:\/\/onlinewette24.de\/sk\/","name":"Online st\u00e1vkovanie \u2013 najlep\u0161ie webov\u00e9 str\u00e1nky pre va\u0161e online st\u00e1vkovanie","isPartOf":{"@id":"https:\/\/onlinewette24.de\/sk\/#website"},"datePublished":"2025-08-02T11:07:11+00:00","breadcrumb":{"@id":"https:\/\/onlinewette24.de\/sk\/#breadcrumb"},"inLanguage":"sk-SK","potentialAction":[{"@type":"ReadAction","target":["https:\/\/onlinewette24.de\/sk\/"]}]},{"@type":"BreadcrumbList","@id":"https:\/\/onlinewette24.de\/sk\/#breadcrumb","itemListElement":[{"@type":"ListItem","position":1,"name":"Home","item":"https:\/\/onlinewette24.de\/sk\/"},{"@type":"ListItem","position":2,"name":"Home"}]},{"@type":"WebSite","@id":"https:\/\/onlinewette24.de\/sk\/#website","url":"https:\/\/onlinewette24.de\/sk\/","name":"","description":"","potentialAction":[{"@type":"SearchAction","target":{"@type":"EntryPoint","urlTemplate":"https:\/\/onlinewette24.de\/sk\/?s={search_term_string}"},"query-input":{"@type":"PropertyValueSpecification","valueRequired":true,"valueName":"search_term_string"}}],"inLanguage":"sk-SK"}]}},"_links":{"self":[{"href":"https:\/\/onlinewette24.de\/sk\/wp-json\/wp\/v2\/pages\/109","targetHints":{"allow":["GET"]}}],"collection":[{"href":"https:\/\/onlinewette24.de\/sk\/wp-json\/wp\/v2\/pages"}],"about":[{"href":"https:\/\/onlinewette24.de\/sk\/wp-json\/wp\/v2\/types\/page"}],"author":[{"embeddable":true,"href":"https:\/\/onlinewette24.de\/sk\/wp-json\/wp\/v2\/users\/1"}],"replies":[{"embeddable":true,"href":"https:\/\/onlinewette24.de\/sk\/wp-json\/wp\/v2\/comments?post=109"}],"version-history":[{"count":0,"href":"https:\/\/onlinewette24.de\/sk\/wp-json\/wp\/v2\/pages\/109\/revisions"}],"wp:attachment":[{"href":"https:\/\/onlinewette24.de\/sk\/wp-json\/wp\/v2\/media?parent=109"}],"curies":[{"name":"wp","href":"https:\/\/api.w.org\/{rel}","templated":true}]}}