{"id":85,"date":"2025-08-02T11:07:11","date_gmt":"2025-08-02T11:07:11","guid":{"rendered":"https:\/\/onlinewette24.de\/sakums\/"},"modified":"2025-08-02T11:07:11","modified_gmt":"2025-08-02T11:07:11","slug":"sakums","status":"publish","type":"page","link":"https:\/\/onlinewette24.de\/lv\/","title":{"rendered":"S\u0101kums"},"content":{"rendered":"<h2>Lab\u0101k\u0101s vietnes j\u016bsu tie\u0161saistes likm\u0113m<\/h2>\n<p><img loading=\"lazy\" decoding=\"async\" src=\"images\/stories\/asoccermoney.jpg\" alt=\"online bet\" width=\"180\" height=\"120\" style=\"margin: 10px; float: right;\" \/>M\u016bsdien\u0101s ikviens, kur\u0161 v\u0113las veikt likmi, to var \u0113rti izdar\u012bt tie\u0161saist\u0113. Nav nepiecie\u0161ams doties uz loterijas kiosku vai totalizatoru. M\u0113s sniedzam jums inform\u0101ciju par lab\u0101kaj\u0101m vietn\u0113m j\u016bsu tie\u0161saistes der\u012bb\u0101m un sal\u012bdzin\u0101m da\u017e\u0101dus pakalpojumu sniedz\u0113jus.<\/p>\n<h2>Tie\u0161saistes der\u012bbu priek\u0161roc\u012bbas<\/h2>\n<p>Tie\u0161saistes der\u012bb\u0101m ir iev\u0113rojamas priek\u0161roc\u012bbas sal\u012bdzin\u0101jum\u0101 ar der\u012bb\u0101m bukmeikeru kantoros, tostarp:<\/p>\n<ul>\n<li>Iev\u0113rojami lab\u0101kas izredzes nek\u0101 citiem pakalpojumu sniedz\u0113jiem, pateicoties zem\u0101k\u0101m administrat\u012bvaj\u0101m izmaks\u0101m<\/li>\n<li>Daudz pla\u0161\u0101ka notikumu un sporta veidu izv\u0113le, uz kuriem likt likmes<\/li>\n<li>Dator\u0101 var ieg\u016bt iev\u0113rojami lab\u0101ku inform\u0101ciju par attiec\u012bgaj\u0101m likm\u0113m, kas palielina j\u016bsu izredzes uzvar\u0113t<\/li>\n<li>Tie\u0161raides der\u012bbas &#8211; likmes notieko\u0161a notikuma laik\u0101, piem\u0113ram, par to, kur\u0161 g\u016bs n\u0101kamos v\u0101rtus<\/li>\n<li>\u0112rta tie\u0161saistes der\u012bbu un maks\u0101jumu veik\u0161ana, pateicoties pla\u0161am dro\u0161u meto\u017eu kl\u0101stam<\/li>\n<li>J\u016bs varat likt likmes jebkur\u0101 laik\u0101, pat atrodoties ce\u013c\u0101, izmantojot mobilo ier\u012bci ar interneta piesl\u0113gumu<\/li>\n<\/ul>\n<h2>K\u0101da veida likmes var veikt tie\u0161saist\u0113? Veikt likmi tie\u0161saist\u0113?<\/h2>\n<p>\u0160aj\u0101 zi\u0146\u0101 praktiski nav ierobe\u017eojumu. Neatkar\u012bgi no t\u0101, vai t\u0101 ir V\u0101cijas Bundesl\u012bga, citi sporta veidi V\u0101cij\u0101, starptautiski tenisa turn\u012bri, zirgu skrie\u0161an\u0101s sac\u012bkstes m\u0101j\u0101s un \u0101rzem\u0113s vai ASV sporta &#8220;Lielais trijnieks&#8221; (amerik\u0101\u0146u futbols, NBA basketbols, beisbols) &#8211; <strong>j\u016bs varat veikt likmi tie\u0161saist\u0113 uz \u013coti da\u017e\u0101diem notikumiem<\/strong>. Ir iesp\u0113jams veikt likmes ar\u012b uz notikumiem, kas nav saist\u012bti ar sportu, piem\u0113ram, TV talantu \u0161ovu izn\u0101kumu. Tie\u0161saistes der\u012bbu vietnes pied\u0101v\u0101 visd\u012bvain\u0101k\u0101s likmes, piem\u0113ram, kur\u0161 b\u016bs n\u0101kamais Anglijas karalis utt.<\/p>\n<h2>Lab\u0101kie tie\u0161saistes der\u012bbu pakalpojumu sniedz\u0113ji<\/h2>\n<p>Izv\u0113loties lab\u0101ko tie\u0161saistes der\u012bbu vietni, svar\u012bgi ir da\u017e\u0101di faktori, piem\u0113ram, koeficienti, \u0101tras un \u0113rtas iemaksu un izmaksu iesp\u0113jas, pirm\u0101 depoz\u012bta bonuss, iemaks\u0101to l\u012bdzek\u013cu dro\u0161\u012bba un, protams, der\u012bbu iesp\u0113ju kl\u0101sts.<\/p>\n<p>Vien dro\u0161\u012bbas apsv\u0113rumu d\u0113\u013c ieteicams izv\u0113l\u0113ties vienu no liel\u0101kajiem tie\u0161saistes der\u012bbu pakalpojumu sniedz\u0113jiem. Katrai m\u016bsu ieteiktajai vietnei ir savas priek\u0161roc\u012bbas, ta\u010du dro\u0161\u012bbas zi\u0146\u0101 t\u0101s visas ir 100% ieteicamas.<\/p>\n<p>Izlasiet da\u017e\u0101du der\u012bbu pakalpojumu sniedz\u0113ju atsauksmes m\u016bsu vietn\u0113 un izv\u0113lieties sev piem\u0113rot\u0101ko.<\/p>\n<h2>Padomi tie\u0161saistes der\u012bb\u0101m<\/h2>\n<p>M\u016bsu vietn\u0113 m\u0113s regul\u0101ri sniegsim padomus tie\u0161saistes der\u012bb\u0101m uz noz\u012bm\u012bgiem sporta notikumiem. J\u016bs atrad\u012bsiet ar\u012b inform\u0101ciju par der\u012bbu strat\u0113\u0123ij\u0101m, k\u0101 noteikt labv\u0113l\u012bgus koeficientus un k\u0101 optimiz\u0113t savas izredzes uzvar\u0113t, gudri apvienojot vair\u0101kas likmes.<br \/>\u0160eit m\u0113s public\u0113sim ar\u012b padomus par to, kam piev\u0113rst uzman\u012bbu da\u017e\u0101dos sporta veidos, lai g\u016btu pan\u0101kumus ar tie\u0161raides der\u012bb\u0101m.<\/p>\n<\/p>\n<div id=\"promo\"><\/div>\n","protected":false},"excerpt":{"rendered":"<p>Lab\u0101k\u0101s vietnes j\u016bsu tie\u0161saistes likm\u0113m M\u016bsdien\u0101s ikviens, kur\u0161 v\u0113las veikt likmi, to var \u0113rti izdar\u012bt tie\u0161saist\u0113. Nav nepiecie\u0161ams doties uz loterijas kiosku vai totalizatoru. M\u0113s sniedzam jums inform\u0101ciju par lab\u0101kaj\u0101m vietn\u0113m j\u016bsu tie\u0161saistes der\u012bb\u0101m un sal\u012bdzin\u0101m da\u017e\u0101dus pakalpojumu sniedz\u0113jus. Tie\u0161saistes der\u012bbu priek\u0161roc\u012bbas Tie\u0161saistes der\u012bb\u0101m ir iev\u0113rojamas priek\u0161roc\u012bbas sal\u012bdzin\u0101jum\u0101 ar der\u012bb\u0101m bukmeikeru kantoros, tostarp: Iev\u0113rojami lab\u0101kas&#8230;<\/p>\n","protected":false},"author":1,"featured_media":0,"parent":0,"menu_order":0,"comment_status":"closed","ping_status":"closed","template":"","meta":{"_kad_post_transparent":"","_kad_post_title":"","_kad_post_layout":"","_kad_post_sidebar_id":"","_kad_post_content_style":"","_kad_post_vertical_padding":"","_kad_post_feature":"","_kad_post_feature_position":"","_kad_post_header":false,"_kad_post_footer":false,"footnotes":""},"class_list":["post-85","page","type-page","status-publish","hentry"],"yoast_head":"<!-- This site is optimized with the Yoast SEO plugin v27.5 - https:\/\/yoast.com\/product\/yoast-seo-wordpress\/ -->\n<title>Tie\u0161saistes der\u012bbas \u2014 lab\u0101k\u0101s vietnes j\u016bsu tie\u0161saistes der\u012bb\u0101m<\/title>\n<meta name=\"robots\" content=\"index, follow, max-snippet:-1, max-image-preview:large, max-video-preview:-1\" \/>\n<link rel=\"canonical\" href=\"https:\/\/onlinewette24.de\/lv\/\" \/>\n<meta property=\"og:locale\" content=\"lv_LV\" \/>\n<meta property=\"og:type\" content=\"article\" \/>\n<meta property=\"og:title\" content=\"Tie\u0161saistes der\u012bbas \u2014 lab\u0101k\u0101s vietnes j\u016bsu tie\u0161saistes der\u012bb\u0101m\" \/>\n<meta property=\"og:description\" content=\"Lab\u0101k\u0101s vietnes j\u016bsu tie\u0161saistes likm\u0113m M\u016bsdien\u0101s ikviens, kur\u0161 v\u0113las veikt likmi, to var \u0113rti izdar\u012bt tie\u0161saist\u0113. Nav nepiecie\u0161ams doties uz loterijas kiosku vai totalizatoru. M\u0113s sniedzam jums inform\u0101ciju par lab\u0101kaj\u0101m vietn\u0113m j\u016bsu tie\u0161saistes der\u012bb\u0101m un sal\u012bdzin\u0101m da\u017e\u0101dus pakalpojumu sniedz\u0113jus. Tie\u0161saistes der\u012bbu priek\u0161roc\u012bbas Tie\u0161saistes der\u012bb\u0101m ir iev\u0113rojamas priek\u0161roc\u012bbas sal\u012bdzin\u0101jum\u0101 ar der\u012bb\u0101m bukmeikeru kantoros, tostarp: Iev\u0113rojami lab\u0101kas...\" \/>\n<meta property=\"og:url\" content=\"https:\/\/onlinewette24.de\/lv\/\" \/>\n<meta name=\"twitter:card\" content=\"summary_large_image\" \/>\n<meta name=\"twitter:label1\" content=\"Est. reading time\" \/>\n\t<meta name=\"twitter:data1\" content=\"3 minutes\" \/>\n<script type=\"application\/ld+json\" class=\"yoast-schema-graph\">{\"@context\":\"https:\\\/\\\/schema.org\",\"@graph\":[{\"@type\":\"WebPage\",\"@id\":\"https:\\\/\\\/onlinewette24.de\\\/lv\\\/\",\"url\":\"https:\\\/\\\/onlinewette24.de\\\/lv\\\/\",\"name\":\"Tie\u0161saistes der\u012bbas \u2014 lab\u0101k\u0101s vietnes j\u016bsu tie\u0161saistes der\u012bb\u0101m\",\"isPartOf\":{\"@id\":\"https:\\\/\\\/onlinewette24.de\\\/lv\\\/#website\"},\"datePublished\":\"2025-08-02T11:07:11+00:00\",\"breadcrumb\":{\"@id\":\"https:\\\/\\\/onlinewette24.de\\\/lv\\\/#breadcrumb\"},\"inLanguage\":\"lv-LV\",\"potentialAction\":[{\"@type\":\"ReadAction\",\"target\":[\"https:\\\/\\\/onlinewette24.de\\\/lv\\\/\"]}]},{\"@type\":\"BreadcrumbList\",\"@id\":\"https:\\\/\\\/onlinewette24.de\\\/lv\\\/#breadcrumb\",\"itemListElement\":[{\"@type\":\"ListItem\",\"position\":1,\"name\":\"Home\",\"item\":\"https:\\\/\\\/onlinewette24.de\\\/lv\\\/\"},{\"@type\":\"ListItem\",\"position\":2,\"name\":\"S\u0101kums\"}]},{\"@type\":\"WebSite\",\"@id\":\"https:\\\/\\\/onlinewette24.de\\\/lv\\\/#website\",\"url\":\"https:\\\/\\\/onlinewette24.de\\\/lv\\\/\",\"name\":\"\",\"description\":\"\",\"potentialAction\":[{\"@type\":\"SearchAction\",\"target\":{\"@type\":\"EntryPoint\",\"urlTemplate\":\"https:\\\/\\\/onlinewette24.de\\\/lv\\\/?s={search_term_string}\"},\"query-input\":{\"@type\":\"PropertyValueSpecification\",\"valueRequired\":true,\"valueName\":\"search_term_string\"}}],\"inLanguage\":\"lv-LV\"}]}<\/script>\n<!-- \/ Yoast SEO plugin. -->","yoast_head_json":{"title":"Tie\u0161saistes der\u012bbas \u2014 lab\u0101k\u0101s vietnes j\u016bsu tie\u0161saistes der\u012bb\u0101m","robots":{"index":"index","follow":"follow","max-snippet":"max-snippet:-1","max-image-preview":"max-image-preview:large","max-video-preview":"max-video-preview:-1"},"canonical":"https:\/\/onlinewette24.de\/lv\/","og_locale":"lv_LV","og_type":"article","og_title":"Tie\u0161saistes der\u012bbas \u2014 lab\u0101k\u0101s vietnes j\u016bsu tie\u0161saistes der\u012bb\u0101m","og_description":"Lab\u0101k\u0101s vietnes j\u016bsu tie\u0161saistes likm\u0113m M\u016bsdien\u0101s ikviens, kur\u0161 v\u0113las veikt likmi, to var \u0113rti izdar\u012bt tie\u0161saist\u0113. Nav nepiecie\u0161ams doties uz loterijas kiosku vai totalizatoru. M\u0113s sniedzam jums inform\u0101ciju par lab\u0101kaj\u0101m vietn\u0113m j\u016bsu tie\u0161saistes der\u012bb\u0101m un sal\u012bdzin\u0101m da\u017e\u0101dus pakalpojumu sniedz\u0113jus. Tie\u0161saistes der\u012bbu priek\u0161roc\u012bbas Tie\u0161saistes der\u012bb\u0101m ir iev\u0113rojamas priek\u0161roc\u012bbas sal\u012bdzin\u0101jum\u0101 ar der\u012bb\u0101m bukmeikeru kantoros, tostarp: Iev\u0113rojami lab\u0101kas...","og_url":"https:\/\/onlinewette24.de\/lv\/","twitter_card":"summary_large_image","twitter_misc":{"Est. reading time":"3 minutes"},"schema":{"@context":"https:\/\/schema.org","@graph":[{"@type":"WebPage","@id":"https:\/\/onlinewette24.de\/lv\/","url":"https:\/\/onlinewette24.de\/lv\/","name":"Tie\u0161saistes der\u012bbas \u2014 lab\u0101k\u0101s vietnes j\u016bsu tie\u0161saistes der\u012bb\u0101m","isPartOf":{"@id":"https:\/\/onlinewette24.de\/lv\/#website"},"datePublished":"2025-08-02T11:07:11+00:00","breadcrumb":{"@id":"https:\/\/onlinewette24.de\/lv\/#breadcrumb"},"inLanguage":"lv-LV","potentialAction":[{"@type":"ReadAction","target":["https:\/\/onlinewette24.de\/lv\/"]}]},{"@type":"BreadcrumbList","@id":"https:\/\/onlinewette24.de\/lv\/#breadcrumb","itemListElement":[{"@type":"ListItem","position":1,"name":"Home","item":"https:\/\/onlinewette24.de\/lv\/"},{"@type":"ListItem","position":2,"name":"S\u0101kums"}]},{"@type":"WebSite","@id":"https:\/\/onlinewette24.de\/lv\/#website","url":"https:\/\/onlinewette24.de\/lv\/","name":"","description":"","potentialAction":[{"@type":"SearchAction","target":{"@type":"EntryPoint","urlTemplate":"https:\/\/onlinewette24.de\/lv\/?s={search_term_string}"},"query-input":{"@type":"PropertyValueSpecification","valueRequired":true,"valueName":"search_term_string"}}],"inLanguage":"lv-LV"}]}},"_links":{"self":[{"href":"https:\/\/onlinewette24.de\/lv\/wp-json\/wp\/v2\/pages\/85","targetHints":{"allow":["GET"]}}],"collection":[{"href":"https:\/\/onlinewette24.de\/lv\/wp-json\/wp\/v2\/pages"}],"about":[{"href":"https:\/\/onlinewette24.de\/lv\/wp-json\/wp\/v2\/types\/page"}],"author":[{"embeddable":true,"href":"https:\/\/onlinewette24.de\/lv\/wp-json\/wp\/v2\/users\/1"}],"replies":[{"embeddable":true,"href":"https:\/\/onlinewette24.de\/lv\/wp-json\/wp\/v2\/comments?post=85"}],"version-history":[{"count":0,"href":"https:\/\/onlinewette24.de\/lv\/wp-json\/wp\/v2\/pages\/85\/revisions"}],"wp:attachment":[{"href":"https:\/\/onlinewette24.de\/lv\/wp-json\/wp\/v2\/media?parent=85"}],"curies":[{"name":"wp","href":"https:\/\/api.w.org\/{rel}","templated":true}]}}