{"id":88,"date":"2025-08-02T11:07:11","date_gmt":"2025-08-02T11:07:11","guid":{"rendered":"https:\/\/onlinewette24.de\/kotiin\/"},"modified":"2025-08-02T11:07:11","modified_gmt":"2025-08-02T11:07:11","slug":"kotiin","status":"publish","type":"page","link":"https:\/\/onlinewette24.de\/fi\/","title":{"rendered":"Kotiin"},"content":{"rendered":"<h2>Parhaat verkkosivustot online-vedonly\u00f6ntiin<\/h2>\n<p><img loading=\"lazy\" decoding=\"async\" src=\"images\/stories\/asoccermoney.jpg\" alt=\"online bet\" width=\"180\" height=\"120\" style=\"margin: 10px; float: right;\" \/>Nyky\u00e4\u00e4n kuka tahansa, joka haluaa ly\u00f6d\u00e4 vetoa, voi tehd\u00e4 sen k\u00e4tev\u00e4sti verkossa. Sinun ei tarvitse menn\u00e4 lottokioskiin tai vedonly\u00f6ntitoimistoon. Tarjoamme sinulle tietoa parhaista verkkosivustoista online-vedonly\u00f6ntiin ja vertailemme eri tarjoajia.<\/p>\n<h2>Nettivedonly\u00f6nnin edut<\/h2>\n<p>Nettivedonly\u00f6nnill\u00e4 on merkitt\u00e4vi\u00e4 etuja vedonly\u00f6ntiin vedonv\u00e4litt\u00e4j\u00e4n kaupassa, mukaan lukien:<\/p>\n<ul>\n<li>Merkitt\u00e4v\u00e4sti paremmat kertoimet kuin muilla tarjoajilla alhaisempien hallintokulujen ansiosta<\/li>\n<li>Paljon laajempi valikoima tapahtumia ja urheilulajeja, joihin ly\u00f6d\u00e4 vetoa<\/li>\n<li>Tietokoneella saa huomattavasti parempaa tietoa kyseisist\u00e4 vedoista, mik\u00e4 lis\u00e4\u00e4 voittomahdollisuuksiasi<\/li>\n<li>Live-vedonly\u00f6nti &#8211; vedonly\u00f6nti k\u00e4ynniss\u00e4 olevan tapahtuman aikana, esim. kuka tekee seuraavan maalin<\/li>\n<li>K\u00e4tev\u00e4 online-vedonly\u00f6nti ja -maksu laajan valikoiman turvallisten menetelmien ansiosta<\/li>\n<li>Voit ly\u00f6d\u00e4 vetoa milloin tahansa, jopa liikkeell\u00e4 ollessasi, k\u00e4ytt\u00e4m\u00e4ll\u00e4 mobiililaitetta, jossa on internetyhteys<\/li>\n<\/ul>\n<h2>Mit\u00e4 tyyppisi\u00e4 vetoja voit ly\u00f6d\u00e4 verkossa? Ly\u00f6tk\u00f6 vetoa verkossa?<\/h2>\n<p>T\u00e4ss\u00e4 suhteessa ei ole k\u00e4yt\u00e4nn\u00f6ss\u00e4 mit\u00e4\u00e4n rajoituksia. Olipa kyseess\u00e4 Saksan Bundesliiga, muut urheilulajit Saksassa, kansainv\u00e4liset tennisturnaukset, hevosurheilu kotimaassa ja ulkomailla tai Yhdysvaltojen &#8221;kolme suurta&#8221; urheilulajia (amerikkalainen jalkapallo, NBA-koripallo, baseball) &#8211; <strong>voit ly\u00f6d\u00e4 vetoa verkossa monenlaisista tapahtumista<\/strong>. On my\u00f6s mahdollista ly\u00f6d\u00e4 vetoa muista kuin urheilutapahtumista, kuten TV-kykykilpailujen tuloksista. Verkkovedonly\u00f6ntisivustot tarjoavat omituisimpia vetoja, kuten kuka on seuraava Englannin kuningas jne.<\/p>\n<h2>Parhaat verkkovedonly\u00f6ntisivustot<\/h2>\n<p>Parasta verkkovedonly\u00f6ntisivustoa valittaessa useat tekij\u00e4t ovat t\u00e4rkeit\u00e4, kuten kertoimet, nopeat ja k\u00e4tev\u00e4t talletus- ja kotiutusvaihtoehdot, ensitalletusbonus, talletettujen varojen turvallisuus ja tietenkin vedonly\u00f6ntivaihtoehtojen valikoima.<\/p>\n<p>Jo pelk\u00e4st\u00e4\u00e4n turvallisuussyist\u00e4 on suositeltavaa valita jokin suurimmista verkkovedonly\u00f6ntisivustoista. Jokaisella suosittelemallamme verkkosivustolla on omat etunsa, mutta turvallisuuden kannalta ne kaikki ovat 100 % suositeltavia.<\/p>\n<p>Lue verkkosivustollamme eri vedonly\u00f6ntipalveluntarjoajien arvostelut ja valitse itsellesi parhaiten sopiva.<\/p>\n<h2>Vinkkej\u00e4 online-vedonly\u00f6ntiin<\/h2>\n<p>Tarjoamme s\u00e4\u00e4nn\u00f6llisesti vinkkej\u00e4 online-vedonly\u00f6ntiin t\u00e4rkeimmiss\u00e4 urheilutapahtumissa verkkosivustollamme. L\u00f6yd\u00e4t my\u00f6s tietoa vedonly\u00f6ntistrategioista, siit\u00e4, miten tunnistaa suotuisat kertoimet ja miten optimoida voittomahdollisuutesi yhdist\u00e4m\u00e4ll\u00e4 useita vetoja \u00e4lykk\u00e4\u00e4sti.<br \/>Julkaisemme t\u00e4\u00e4ll\u00e4 my\u00f6s vinkkej\u00e4 siit\u00e4, mit\u00e4 kannattaa etsi\u00e4 eri urheilulajeissa menesty\u00e4ksesi live-vedonly\u00f6nniss\u00e4.<\/p>\n<\/p>\n<div id=\"promo\"><\/div>\n","protected":false},"excerpt":{"rendered":"<p>Parhaat verkkosivustot online-vedonly\u00f6ntiin Nyky\u00e4\u00e4n kuka tahansa, joka haluaa ly\u00f6d\u00e4 vetoa, voi tehd\u00e4 sen k\u00e4tev\u00e4sti verkossa. Sinun ei tarvitse menn\u00e4 lottokioskiin tai vedonly\u00f6ntitoimistoon. Tarjoamme sinulle tietoa parhaista verkkosivustoista online-vedonly\u00f6ntiin ja vertailemme eri tarjoajia. Nettivedonly\u00f6nnin edut Nettivedonly\u00f6nnill\u00e4 on merkitt\u00e4vi\u00e4 etuja vedonly\u00f6ntiin vedonv\u00e4litt\u00e4j\u00e4n kaupassa, mukaan lukien: Merkitt\u00e4v\u00e4sti paremmat kertoimet kuin muilla tarjoajilla alhaisempien hallintokulujen ansiosta Paljon laajempi valikoima&#8230;<\/p>\n","protected":false},"author":1,"featured_media":0,"parent":0,"menu_order":0,"comment_status":"closed","ping_status":"closed","template":"","meta":{"_kad_post_transparent":"","_kad_post_title":"","_kad_post_layout":"","_kad_post_sidebar_id":"","_kad_post_content_style":"","_kad_post_vertical_padding":"","_kad_post_feature":"","_kad_post_feature_position":"","_kad_post_header":false,"_kad_post_footer":false,"footnotes":""},"class_list":["post-88","page","type-page","status-publish","hentry"],"yoast_head":"<!-- This site is optimized with the Yoast SEO plugin v27.5 - https:\/\/yoast.com\/product\/yoast-seo-wordpress\/ -->\n<title>Nettivedonly\u00f6nti - parhaat verkkosivustot nettivedonly\u00f6ntiin<\/title>\n<meta name=\"robots\" content=\"index, follow, max-snippet:-1, max-image-preview:large, max-video-preview:-1\" \/>\n<link rel=\"canonical\" href=\"https:\/\/onlinewette24.de\/fi\/\" \/>\n<meta property=\"og:locale\" content=\"fi_FI\" \/>\n<meta property=\"og:type\" content=\"article\" \/>\n<meta property=\"og:title\" content=\"Nettivedonly\u00f6nti - parhaat verkkosivustot nettivedonly\u00f6ntiin\" \/>\n<meta property=\"og:description\" content=\"Parhaat verkkosivustot online-vedonly\u00f6ntiin Nyky\u00e4\u00e4n kuka tahansa, joka haluaa ly\u00f6d\u00e4 vetoa, voi tehd\u00e4 sen k\u00e4tev\u00e4sti verkossa. Sinun ei tarvitse menn\u00e4 lottokioskiin tai vedonly\u00f6ntitoimistoon. Tarjoamme sinulle tietoa parhaista verkkosivustoista online-vedonly\u00f6ntiin ja vertailemme eri tarjoajia. Nettivedonly\u00f6nnin edut Nettivedonly\u00f6nnill\u00e4 on merkitt\u00e4vi\u00e4 etuja vedonly\u00f6ntiin vedonv\u00e4litt\u00e4j\u00e4n kaupassa, mukaan lukien: Merkitt\u00e4v\u00e4sti paremmat kertoimet kuin muilla tarjoajilla alhaisempien hallintokulujen ansiosta Paljon laajempi valikoima...\" \/>\n<meta property=\"og:url\" content=\"https:\/\/onlinewette24.de\/fi\/\" \/>\n<meta name=\"twitter:card\" content=\"summary_large_image\" \/>\n<meta name=\"twitter:label1\" content=\"Arvioitu lukuaika\" \/>\n\t<meta name=\"twitter:data1\" content=\"2 minuuttia\" \/>\n<script type=\"application\/ld+json\" class=\"yoast-schema-graph\">{\"@context\":\"https:\\\/\\\/schema.org\",\"@graph\":[{\"@type\":\"WebPage\",\"@id\":\"https:\\\/\\\/onlinewette24.de\\\/fi\\\/\",\"url\":\"https:\\\/\\\/onlinewette24.de\\\/fi\\\/\",\"name\":\"Nettivedonly\u00f6nti - parhaat verkkosivustot nettivedonly\u00f6ntiin\",\"isPartOf\":{\"@id\":\"https:\\\/\\\/onlinewette24.de\\\/fi\\\/#website\"},\"datePublished\":\"2025-08-02T11:07:11+00:00\",\"breadcrumb\":{\"@id\":\"https:\\\/\\\/onlinewette24.de\\\/fi\\\/#breadcrumb\"},\"inLanguage\":\"fi\",\"potentialAction\":[{\"@type\":\"ReadAction\",\"target\":[\"https:\\\/\\\/onlinewette24.de\\\/fi\\\/\"]}]},{\"@type\":\"BreadcrumbList\",\"@id\":\"https:\\\/\\\/onlinewette24.de\\\/fi\\\/#breadcrumb\",\"itemListElement\":[{\"@type\":\"ListItem\",\"position\":1,\"name\":\"Home\",\"item\":\"https:\\\/\\\/onlinewette24.de\\\/fi\\\/\"},{\"@type\":\"ListItem\",\"position\":2,\"name\":\"Kotiin\"}]},{\"@type\":\"WebSite\",\"@id\":\"https:\\\/\\\/onlinewette24.de\\\/fi\\\/#website\",\"url\":\"https:\\\/\\\/onlinewette24.de\\\/fi\\\/\",\"name\":\"\",\"description\":\"\",\"potentialAction\":[{\"@type\":\"SearchAction\",\"target\":{\"@type\":\"EntryPoint\",\"urlTemplate\":\"https:\\\/\\\/onlinewette24.de\\\/fi\\\/?s={search_term_string}\"},\"query-input\":{\"@type\":\"PropertyValueSpecification\",\"valueRequired\":true,\"valueName\":\"search_term_string\"}}],\"inLanguage\":\"fi\"}]}<\/script>\n<!-- \/ Yoast SEO plugin. -->","yoast_head_json":{"title":"Nettivedonly\u00f6nti - parhaat verkkosivustot nettivedonly\u00f6ntiin","robots":{"index":"index","follow":"follow","max-snippet":"max-snippet:-1","max-image-preview":"max-image-preview:large","max-video-preview":"max-video-preview:-1"},"canonical":"https:\/\/onlinewette24.de\/fi\/","og_locale":"fi_FI","og_type":"article","og_title":"Nettivedonly\u00f6nti - parhaat verkkosivustot nettivedonly\u00f6ntiin","og_description":"Parhaat verkkosivustot online-vedonly\u00f6ntiin Nyky\u00e4\u00e4n kuka tahansa, joka haluaa ly\u00f6d\u00e4 vetoa, voi tehd\u00e4 sen k\u00e4tev\u00e4sti verkossa. Sinun ei tarvitse menn\u00e4 lottokioskiin tai vedonly\u00f6ntitoimistoon. Tarjoamme sinulle tietoa parhaista verkkosivustoista online-vedonly\u00f6ntiin ja vertailemme eri tarjoajia. Nettivedonly\u00f6nnin edut Nettivedonly\u00f6nnill\u00e4 on merkitt\u00e4vi\u00e4 etuja vedonly\u00f6ntiin vedonv\u00e4litt\u00e4j\u00e4n kaupassa, mukaan lukien: Merkitt\u00e4v\u00e4sti paremmat kertoimet kuin muilla tarjoajilla alhaisempien hallintokulujen ansiosta Paljon laajempi valikoima...","og_url":"https:\/\/onlinewette24.de\/fi\/","twitter_card":"summary_large_image","twitter_misc":{"Arvioitu lukuaika":"2 minuuttia"},"schema":{"@context":"https:\/\/schema.org","@graph":[{"@type":"WebPage","@id":"https:\/\/onlinewette24.de\/fi\/","url":"https:\/\/onlinewette24.de\/fi\/","name":"Nettivedonly\u00f6nti - parhaat verkkosivustot nettivedonly\u00f6ntiin","isPartOf":{"@id":"https:\/\/onlinewette24.de\/fi\/#website"},"datePublished":"2025-08-02T11:07:11+00:00","breadcrumb":{"@id":"https:\/\/onlinewette24.de\/fi\/#breadcrumb"},"inLanguage":"fi","potentialAction":[{"@type":"ReadAction","target":["https:\/\/onlinewette24.de\/fi\/"]}]},{"@type":"BreadcrumbList","@id":"https:\/\/onlinewette24.de\/fi\/#breadcrumb","itemListElement":[{"@type":"ListItem","position":1,"name":"Home","item":"https:\/\/onlinewette24.de\/fi\/"},{"@type":"ListItem","position":2,"name":"Kotiin"}]},{"@type":"WebSite","@id":"https:\/\/onlinewette24.de\/fi\/#website","url":"https:\/\/onlinewette24.de\/fi\/","name":"","description":"","potentialAction":[{"@type":"SearchAction","target":{"@type":"EntryPoint","urlTemplate":"https:\/\/onlinewette24.de\/fi\/?s={search_term_string}"},"query-input":{"@type":"PropertyValueSpecification","valueRequired":true,"valueName":"search_term_string"}}],"inLanguage":"fi"}]}},"_links":{"self":[{"href":"https:\/\/onlinewette24.de\/fi\/wp-json\/wp\/v2\/pages\/88","targetHints":{"allow":["GET"]}}],"collection":[{"href":"https:\/\/onlinewette24.de\/fi\/wp-json\/wp\/v2\/pages"}],"about":[{"href":"https:\/\/onlinewette24.de\/fi\/wp-json\/wp\/v2\/types\/page"}],"author":[{"embeddable":true,"href":"https:\/\/onlinewette24.de\/fi\/wp-json\/wp\/v2\/users\/1"}],"replies":[{"embeddable":true,"href":"https:\/\/onlinewette24.de\/fi\/wp-json\/wp\/v2\/comments?post=88"}],"version-history":[{"count":0,"href":"https:\/\/onlinewette24.de\/fi\/wp-json\/wp\/v2\/pages\/88\/revisions"}],"wp:attachment":[{"href":"https:\/\/onlinewette24.de\/fi\/wp-json\/wp\/v2\/media?parent=88"}],"curies":[{"name":"wp","href":"https:\/\/api.w.org\/{rel}","templated":true}]}}