{"id":111,"date":"2025-08-02T11:07:11","date_gmt":"2025-08-02T11:07:11","guid":{"rendered":"https:\/\/onlinewette24.de\/hogar\/"},"modified":"2025-08-02T11:07:11","modified_gmt":"2025-08-02T11:07:11","slug":"hogar","status":"publish","type":"page","link":"https:\/\/onlinewette24.de\/es\/","title":{"rendered":"Hogar"},"content":{"rendered":"<p>Los mejores sitios web para tus apuestas online<\/p>\n<p><img loading=\"lazy\" decoding=\"async\" src=\"images\/stories\/asoccermoney.jpg\" alt=\"apuestas online\" width=\"180\" height=\"120\" style=\"margin: 10px; float: right;\" \/>Hoy en d\u00eda, cualquiera que quiera apostar puede hacerlo c\u00f3modamente online. No es necesario ir a un quiosco de loter\u00eda ni a una casa de apuestas. Le proporcionamos informaci\u00f3n sobre los mejores sitios web para sus apuestas en l\u00ednea y comparamos los diferentes proveedores.<\/p>\n<h2>Ventajas de las apuestas en l\u00ednea<\/h2>\n<p>Las apuestas en l\u00ednea tienen ventajas significativas sobre las apuestas en una casa de apuestas, incluyendo:<\/p>\n<ul>\n<li>Cuotas significativamente mejores que las de otros proveedores debido a menores costos administrativos<\/li>\n<li>Una selecci\u00f3n mucho m\u00e1s amplia de eventos y deportes para apostar<\/li>\n<li>Se puede obtener informaci\u00f3n significativamente mejor sobre las apuestas en un ordenador, lo que aumenta sus probabilidades de ganar<\/li>\n<li>Apuestas en vivo: apuestas durante un evento en curso, por ejemplo, a qui\u00e9n marcar\u00e1 el pr\u00f3ximo gol<\/li>\n<li>Apuestas y pagos en l\u00ednea convenientes gracias a una amplia gama de m\u00e9todos seguros<\/li>\n<li>Puede apostar en cualquier momento, incluso desde cualquier lugar, usando un dispositivo m\u00f3vil con conexi\u00f3n a internet<\/li>\n<\/ul>\n<h2>\u00bfQu\u00e9 tipos de apuestas se pueden realizar en l\u00ednea? \u00bfApostar en l\u00ednea?<\/p>\n<p>Pr\u00e1cticamente no hay l\u00edmites en este sentido. Ya sea la Bundesliga alemana, otros deportes en Alemania, torneos internacionales de tenis, carreras de caballos nacionales e internacionales, o los \u00abTres Grandes\u00bb deportes estadounidenses (f\u00fatbol americano, baloncesto NBA, b\u00e9isbol), puedes apostar en l\u00ednea en una amplia variedad de eventos. Tambi\u00e9n es posible apostar en eventos no deportivos, como el resultado de concursos de talentos de televisi\u00f3n. Las p\u00e1ginas web de apuestas en l\u00ednea ofrecen las apuestas m\u00e1s inusuales, como qui\u00e9n ser\u00e1 el pr\u00f3ximo rey de Inglaterra, etc.<\/p>\n<p>Los mejores proveedores de apuestas en l\u00ednea<\/p>\n<p>Al elegir la mejor p\u00e1gina web de apuestas en l\u00ednea, varios factores son importantes, como las cuotas, las opciones r\u00e1pidas y c\u00f3modas de dep\u00f3sito y retiro, el bono por primer dep\u00f3sito, la seguridad de los fondos depositados y, por supuesto, la variedad de opciones de apuestas.<\/p>\n<p>Solo por razones de seguridad, es recomendable elegir uno de los principales proveedores de apuestas en l\u00ednea. Cada sitio web que recomendamos tiene sus ventajas, pero en t\u00e9rminos de seguridad, todos son 100% recomendables.<\/p>\n<p>Lea las rese\u00f1as de los distintos proveedores de apuestas en nuestro sitio web y elija el que mejor se adapte a sus necesidades.<\/p>\n<h2>Consejos para apuestas en l\u00ednea<\/h2>\n<p>En nuestro sitio web, le ofreceremos regularmente consejos para apostar en l\u00ednea en los principales eventos deportivos. Tambi\u00e9n encontrar\u00e1 informaci\u00f3n sobre estrategias de apuestas, c\u00f3mo identificar cuotas favorables y c\u00f3mo optimizar sus posibilidades de ganar combinando inteligentemente varias apuestas.<br \/>Tambi\u00e9n publicaremos aqu\u00ed consejos sobre qu\u00e9 buscar en diferentes deportes para tener \u00e9xito con las apuestas en vivo.<\/p>\n<\/p>\n<div id=\"promo\"><\/div>\n","protected":false},"excerpt":{"rendered":"<p>Los mejores sitios web para tus apuestas online Hoy en d\u00eda, cualquiera que quiera apostar puede hacerlo c\u00f3modamente online. No es necesario ir a un quiosco de loter\u00eda ni a una casa de apuestas. Le proporcionamos informaci\u00f3n sobre los mejores sitios web para sus apuestas en l\u00ednea y comparamos los diferentes proveedores. Ventajas de las&#8230;<\/p>\n","protected":false},"author":1,"featured_media":0,"parent":0,"menu_order":0,"comment_status":"closed","ping_status":"closed","template":"","meta":{"_kad_post_transparent":"","_kad_post_title":"","_kad_post_layout":"","_kad_post_sidebar_id":"","_kad_post_content_style":"","_kad_post_vertical_padding":"","_kad_post_feature":"","_kad_post_feature_position":"","_kad_post_header":false,"_kad_post_footer":false,"footnotes":""},"class_list":["post-111","page","type-page","status-publish","hentry"],"yoast_head":"<!-- This site is optimized with the Yoast SEO plugin v27.5 - https:\/\/yoast.com\/product\/yoast-seo-wordpress\/ -->\n<title>Apuestas online: los mejores sitios web para tus apuestas online<\/title>\n<meta name=\"robots\" content=\"index, follow, max-snippet:-1, max-image-preview:large, max-video-preview:-1\" \/>\n<link rel=\"canonical\" href=\"https:\/\/onlinewette24.de\/es\/\" \/>\n<meta property=\"og:locale\" content=\"es_ES\" \/>\n<meta property=\"og:type\" content=\"article\" \/>\n<meta property=\"og:title\" content=\"Apuestas online: los mejores sitios web para tus apuestas online\" \/>\n<meta property=\"og:description\" content=\"Los mejores sitios web para tus apuestas online Hoy en d\u00eda, cualquiera que quiera apostar puede hacerlo c\u00f3modamente online. No es necesario ir a un quiosco de loter\u00eda ni a una casa de apuestas. Le proporcionamos informaci\u00f3n sobre los mejores sitios web para sus apuestas en l\u00ednea y comparamos los diferentes proveedores. Ventajas de las...\" \/>\n<meta property=\"og:url\" content=\"https:\/\/onlinewette24.de\/es\/\" \/>\n<meta name=\"twitter:card\" content=\"summary_large_image\" \/>\n<meta name=\"twitter:label1\" content=\"Tiempo de lectura\" \/>\n\t<meta name=\"twitter:data1\" content=\"2 minutos\" \/>\n<script type=\"application\/ld+json\" class=\"yoast-schema-graph\">{\"@context\":\"https:\\\/\\\/schema.org\",\"@graph\":[{\"@type\":\"WebPage\",\"@id\":\"https:\\\/\\\/onlinewette24.de\\\/es\\\/\",\"url\":\"https:\\\/\\\/onlinewette24.de\\\/es\\\/\",\"name\":\"Apuestas online: los mejores sitios web para tus apuestas online\",\"isPartOf\":{\"@id\":\"https:\\\/\\\/onlinewette24.de\\\/es\\\/#website\"},\"datePublished\":\"2025-08-02T11:07:11+00:00\",\"breadcrumb\":{\"@id\":\"https:\\\/\\\/onlinewette24.de\\\/es\\\/#breadcrumb\"},\"inLanguage\":\"es\",\"potentialAction\":[{\"@type\":\"ReadAction\",\"target\":[\"https:\\\/\\\/onlinewette24.de\\\/es\\\/\"]}]},{\"@type\":\"BreadcrumbList\",\"@id\":\"https:\\\/\\\/onlinewette24.de\\\/es\\\/#breadcrumb\",\"itemListElement\":[{\"@type\":\"ListItem\",\"position\":1,\"name\":\"Home\",\"item\":\"https:\\\/\\\/onlinewette24.de\\\/es\\\/\"},{\"@type\":\"ListItem\",\"position\":2,\"name\":\"Hogar\"}]},{\"@type\":\"WebSite\",\"@id\":\"https:\\\/\\\/onlinewette24.de\\\/es\\\/#website\",\"url\":\"https:\\\/\\\/onlinewette24.de\\\/es\\\/\",\"name\":\"\",\"description\":\"\",\"potentialAction\":[{\"@type\":\"SearchAction\",\"target\":{\"@type\":\"EntryPoint\",\"urlTemplate\":\"https:\\\/\\\/onlinewette24.de\\\/es\\\/?s={search_term_string}\"},\"query-input\":{\"@type\":\"PropertyValueSpecification\",\"valueRequired\":true,\"valueName\":\"search_term_string\"}}],\"inLanguage\":\"es\"}]}<\/script>\n<!-- \/ Yoast SEO plugin. -->","yoast_head_json":{"title":"Apuestas online: los mejores sitios web para tus apuestas online","robots":{"index":"index","follow":"follow","max-snippet":"max-snippet:-1","max-image-preview":"max-image-preview:large","max-video-preview":"max-video-preview:-1"},"canonical":"https:\/\/onlinewette24.de\/es\/","og_locale":"es_ES","og_type":"article","og_title":"Apuestas online: los mejores sitios web para tus apuestas online","og_description":"Los mejores sitios web para tus apuestas online Hoy en d\u00eda, cualquiera que quiera apostar puede hacerlo c\u00f3modamente online. No es necesario ir a un quiosco de loter\u00eda ni a una casa de apuestas. Le proporcionamos informaci\u00f3n sobre los mejores sitios web para sus apuestas en l\u00ednea y comparamos los diferentes proveedores. Ventajas de las...","og_url":"https:\/\/onlinewette24.de\/es\/","twitter_card":"summary_large_image","twitter_misc":{"Tiempo de lectura":"2 minutos"},"schema":{"@context":"https:\/\/schema.org","@graph":[{"@type":"WebPage","@id":"https:\/\/onlinewette24.de\/es\/","url":"https:\/\/onlinewette24.de\/es\/","name":"Apuestas online: los mejores sitios web para tus apuestas online","isPartOf":{"@id":"https:\/\/onlinewette24.de\/es\/#website"},"datePublished":"2025-08-02T11:07:11+00:00","breadcrumb":{"@id":"https:\/\/onlinewette24.de\/es\/#breadcrumb"},"inLanguage":"es","potentialAction":[{"@type":"ReadAction","target":["https:\/\/onlinewette24.de\/es\/"]}]},{"@type":"BreadcrumbList","@id":"https:\/\/onlinewette24.de\/es\/#breadcrumb","itemListElement":[{"@type":"ListItem","position":1,"name":"Home","item":"https:\/\/onlinewette24.de\/es\/"},{"@type":"ListItem","position":2,"name":"Hogar"}]},{"@type":"WebSite","@id":"https:\/\/onlinewette24.de\/es\/#website","url":"https:\/\/onlinewette24.de\/es\/","name":"","description":"","potentialAction":[{"@type":"SearchAction","target":{"@type":"EntryPoint","urlTemplate":"https:\/\/onlinewette24.de\/es\/?s={search_term_string}"},"query-input":{"@type":"PropertyValueSpecification","valueRequired":true,"valueName":"search_term_string"}}],"inLanguage":"es"}]}},"_links":{"self":[{"href":"https:\/\/onlinewette24.de\/es\/wp-json\/wp\/v2\/pages\/111","targetHints":{"allow":["GET"]}}],"collection":[{"href":"https:\/\/onlinewette24.de\/es\/wp-json\/wp\/v2\/pages"}],"about":[{"href":"https:\/\/onlinewette24.de\/es\/wp-json\/wp\/v2\/types\/page"}],"author":[{"embeddable":true,"href":"https:\/\/onlinewette24.de\/es\/wp-json\/wp\/v2\/users\/1"}],"replies":[{"embeddable":true,"href":"https:\/\/onlinewette24.de\/es\/wp-json\/wp\/v2\/comments?post=111"}],"version-history":[{"count":0,"href":"https:\/\/onlinewette24.de\/es\/wp-json\/wp\/v2\/pages\/111\/revisions"}],"wp:attachment":[{"href":"https:\/\/onlinewette24.de\/es\/wp-json\/wp\/v2\/media?parent=111"}],"curies":[{"name":"wp","href":"https:\/\/api.w.org\/{rel}","templated":true}]}}